{"id":1071,"date":"2023-02-03T01:51:41","date_gmt":"2023-02-03T06:51:41","guid":{"rendered":"http:\/\/conectate.conapred.org.mx\/?page_id=1071"},"modified":"2026-03-22T23:58:04","modified_gmt":"2026-03-23T05:58:04","slug":"plataforma-2","status":"publish","type":"page","link":"https:\/\/conectate.conapred.gob.mx\/index.php\/plataforma-2\/","title":{"rendered":"Plataforma"},"content":{"rendered":"<h1 style=\"text-align: justify;\"><span style=\"font-size: 18px;\">Antes de ingresar a la plataforma, considera lo siguiente:<\/span><\/h1>\n<ol start=\"1\">\n<li style=\"text-align: justify;\"><span style=\"font-size: 18px;\">Recuerda que por cada curso que desees realizar, deber\u00e1s llevar a cabo el proceso de inscripci\u00f3n mes con mes, es decir: llenar el formulario, crear nuevas claves de acceso y descargar tu comprobante de inscripci\u00f3n, ya que las claves solo son v\u00e1lidas durante la apertura para las que fueron creadas.<\/span><\/li>\n<li style=\"text-align: justify;\"><span style=\"font-size: 18px;\">Ten a la mano tu comprobante, ya que no se env\u00edan correos con claves de acceso de forma autom\u00e1tica al finalizar tu registro. Solo te podremos enviar un correo cuando nos contactes de manera directa solicitando tus claves de acceso en caso de que hayas extraviado tu comprobante o presentes problemas t\u00e9cnicos para ingresar a tu curso.<\/span><\/li>\n<li style=\"text-align: justify;\"><span style=\"font-size: 18px;\">Para un acceso correcto, se recomienda que copies y pegues tus claves de acceso para evitar errores de escritura en plataforma, en caso de problemas de acceso, comun\u00edcate v\u00eda correo electr\u00f3nico describiendo el problema y adjuntando tu comprobante de inscripci\u00f3n, o en su defecto tus datos completos (nombre y correo registrado).<\/span><\/li>\n<li><span style=\"font-size: 18px;\">El acceso comenzar\u00e1 a las 9 de la ma\u00f1ana del d\u00eda 1 y finalizar\u00e1 el \u00faltimo d\u00eda a media noche y\u00a0ser\u00e1 exclusivamente en las siguientes fechas, d\u00edas antes o despu\u00e9s no podr\u00e1s ingresar:<\/span><\/li>\n<\/ol>\n<div class=\"wp-block-image\"><img loading=\"lazy\" decoding=\"async\" class=\"wpa-warning wpa-image-missing-alt aligncenter wp-image-7421 size-full\" src=\"https:\/\/conectate.conapred.gob.mx\/wp-content\/uploads\/2026\/03\/4-ABRIL-1.png\" alt=\"\" width=\"409\" height=\"171\" data-warning=\"Missing alt text\" \/><\/div>\n<p><span style=\"font-size: 18px;\">Para entrar a nuestra plataforma educativa da clic en la imagen:<\/span><\/p>\n<p><a href=\"https:\/\/cursos.conapred.gob.mx\/login\" target=\"_blank\" rel=\"noopener\"><img loading=\"lazy\" decoding=\"async\" class=\"alignnone wp-image-1330 size-large\" title=\"https:\/\/cursos.conapred.gob.mx\/login\" src=\"https:\/\/conectate.conapred.gob.mx\/wp-content\/uploads\/2023\/03\/Sin-titulo-1024x323.png\" alt=\"\" width=\"584\" height=\"184\" srcset=\"https:\/\/conectate.conapred.gob.mx\/wp-content\/uploads\/2023\/03\/Sin-titulo-1024x323.png 1024w, https:\/\/conectate.conapred.gob.mx\/wp-content\/uploads\/2023\/03\/Sin-titulo-300x95.png 300w, https:\/\/conectate.conapred.gob.mx\/wp-content\/uploads\/2023\/03\/Sin-titulo-768x243.png 768w, https:\/\/conectate.conapred.gob.mx\/wp-content\/uploads\/2023\/03\/Sin-titulo-1536x485.png 1536w, https:\/\/conectate.conapred.gob.mx\/wp-content\/uploads\/2023\/03\/Sin-titulo-500x158.png 500w, https:\/\/conectate.conapred.gob.mx\/wp-content\/uploads\/2023\/03\/Sin-titulo.png 1719w\" sizes=\"auto, (max-width: 584px) 100vw, 584px\" \/><\/a><\/p>\n<p style=\"text-align: justify;\"><span style=\"font-size: 18px;\">Si no se abre, puedes escribir en tu navegador la siguiente direcci\u00f3n:<\/span><strong><br \/>\n<\/strong><span style=\"font-size: 18px;\"><strong><a href=\"https:\/\/cursos.conapred.gob.mx\/login\" target=\"_blank\" rel=\"noopener\">https:\/\/cursos.conapred.gob.mx\/login<\/a><\/strong><\/span><\/p>\n","protected":false},"excerpt":{"rendered":"<p>Antes de ingresar a la plataforma, considera lo siguiente: Recuerda que por cada curso que desees realizar, deber\u00e1s llevar a cabo el proceso de inscripci\u00f3n mes con mes, es decir: llenar el formulario, crear nuevas claves de acceso y descargar &hellip; <a href=\"https:\/\/conectate.conapred.gob.mx\/index.php\/plataforma-2\/\">Sigue leyendo <span class=\"meta-nav\">&rarr;<\/span><\/a><\/p>\n","protected":false},"author":5,"featured_media":7695,"parent":0,"menu_order":0,"comment_status":"closed","ping_status":"closed","template":"","meta":{"_monsterinsights_skip_tracking":false,"_monsterinsights_sitenote_active":false,"_monsterinsights_sitenote_note":"","_monsterinsights_sitenote_category":0,"_uf_show_specific_survey":0,"_uf_disable_surveys":false,"footnotes":""},"class_list":["post-1071","page","type-page","status-publish","has-post-thumbnail","hentry"],"aioseo_notices":[],"_links":{"self":[{"href":"https:\/\/conectate.conapred.gob.mx\/index.php\/wp-json\/wp\/v2\/pages\/1071","targetHints":{"allow":["GET"]}}],"collection":[{"href":"https:\/\/conectate.conapred.gob.mx\/index.php\/wp-json\/wp\/v2\/pages"}],"about":[{"href":"https:\/\/conectate.conapred.gob.mx\/index.php\/wp-json\/wp\/v2\/types\/page"}],"author":[{"embeddable":true,"href":"https:\/\/conectate.conapred.gob.mx\/index.php\/wp-json\/wp\/v2\/users\/5"}],"replies":[{"embeddable":true,"href":"https:\/\/conectate.conapred.gob.mx\/index.php\/wp-json\/wp\/v2\/comments?post=1071"}],"version-history":[{"count":100,"href":"https:\/\/conectate.conapred.gob.mx\/index.php\/wp-json\/wp\/v2\/pages\/1071\/revisions"}],"predecessor-version":[{"id":7768,"href":"https:\/\/conectate.conapred.gob.mx\/index.php\/wp-json\/wp\/v2\/pages\/1071\/revisions\/7768"}],"wp:featuredmedia":[{"embeddable":true,"href":"https:\/\/conectate.conapred.gob.mx\/index.php\/wp-json\/wp\/v2\/media\/7695"}],"wp:attachment":[{"href":"https:\/\/conectate.conapred.gob.mx\/index.php\/wp-json\/wp\/v2\/media?parent=1071"}],"curies":[{"name":"wp","href":"https:\/\/api.w.org\/{rel}","templated":true}]}}