{"id":71,"date":"2020-06-25T21:37:37","date_gmt":"2020-06-25T21:37:37","guid":{"rendered":"http:\/\/10.10.9.15\/wordpress\/?page_id=71"},"modified":"2026-02-09T17:35:41","modified_gmt":"2026-02-09T23:35:41","slug":"calendario","status":"publish","type":"page","link":"https:\/\/conectate.conapred.gob.mx\/index.php\/calendario\/","title":{"rendered":"Calendario"},"content":{"rendered":"<div class=\"wp-block-image\"><\/div>\n<h1><img loading=\"lazy\" decoding=\"async\" class=\"wp-image-7670 size-full aligncenter\" src=\"https:\/\/conectate.conapred.gob.mx\/wp-content\/uploads\/2026\/01\/MICROSITIO.png\" alt=\"\" width=\"2250\" height=\"3247\" srcset=\"https:\/\/conectate.conapred.gob.mx\/wp-content\/uploads\/2026\/01\/MICROSITIO.png 2250w, https:\/\/conectate.conapred.gob.mx\/wp-content\/uploads\/2026\/01\/MICROSITIO-208x300.png 208w, https:\/\/conectate.conapred.gob.mx\/wp-content\/uploads\/2026\/01\/MICROSITIO-710x1024.png 710w, https:\/\/conectate.conapred.gob.mx\/wp-content\/uploads\/2026\/01\/MICROSITIO-768x1108.png 768w, https:\/\/conectate.conapred.gob.mx\/wp-content\/uploads\/2026\/01\/MICROSITIO-1064x1536.png 1064w, https:\/\/conectate.conapred.gob.mx\/wp-content\/uploads\/2026\/01\/MICROSITIO-1419x2048.png 1419w\" sizes=\"auto, (max-width: 2250px) 100vw, 2250px\" \/><\/h1>\n<h1><span style=\"font-size: 18px;\"><strong>Consideraciones: <\/strong><\/span><\/h1>\n<ul>\n<li><span style=\"font-size: 18px;\">Las fechas del periodo de inscripci\u00f3n y el periodo del curso son diferentes.<\/span><\/li>\n<li><span style=\"font-size: 18px;\">Tanto la inscripci\u00f3n como el acceso al curso est\u00e1n disponibles exclusivamente durante los d\u00edas mostrados en el calendario, antes o despu\u00e9s no tendr\u00e1s acceso.<\/span><\/li>\n<\/ul>\n<div class=\"wp-block-image\"><\/div>\n<p>&nbsp;<\/p>\n","protected":false},"excerpt":{"rendered":"<p>Consideraciones: Las fechas del periodo de inscripci\u00f3n y el periodo del curso son diferentes. Tanto la inscripci\u00f3n como el acceso al curso est\u00e1n disponibles exclusivamente durante los d\u00edas mostrados en el calendario, antes o despu\u00e9s no tendr\u00e1s acceso. &nbsp;<\/p>\n","protected":false},"author":5,"featured_media":7693,"parent":0,"menu_order":0,"comment_status":"closed","ping_status":"closed","template":"","meta":{"_monsterinsights_skip_tracking":false,"_monsterinsights_sitenote_active":false,"_monsterinsights_sitenote_note":"","_monsterinsights_sitenote_category":0,"_uf_show_specific_survey":0,"_uf_disable_surveys":false,"footnotes":""},"class_list":["post-71","page","type-page","status-publish","has-post-thumbnail","hentry"],"aioseo_notices":[],"_links":{"self":[{"href":"https:\/\/conectate.conapred.gob.mx\/index.php\/wp-json\/wp\/v2\/pages\/71","targetHints":{"allow":["GET"]}}],"collection":[{"href":"https:\/\/conectate.conapred.gob.mx\/index.php\/wp-json\/wp\/v2\/pages"}],"about":[{"href":"https:\/\/conectate.conapred.gob.mx\/index.php\/wp-json\/wp\/v2\/types\/page"}],"author":[{"embeddable":true,"href":"https:\/\/conectate.conapred.gob.mx\/index.php\/wp-json\/wp\/v2\/users\/5"}],"replies":[{"embeddable":true,"href":"https:\/\/conectate.conapred.gob.mx\/index.php\/wp-json\/wp\/v2\/comments?post=71"}],"version-history":[{"count":127,"href":"https:\/\/conectate.conapred.gob.mx\/index.php\/wp-json\/wp\/v2\/pages\/71\/revisions"}],"predecessor-version":[{"id":7730,"href":"https:\/\/conectate.conapred.gob.mx\/index.php\/wp-json\/wp\/v2\/pages\/71\/revisions\/7730"}],"wp:featuredmedia":[{"embeddable":true,"href":"https:\/\/conectate.conapred.gob.mx\/index.php\/wp-json\/wp\/v2\/media\/7693"}],"wp:attachment":[{"href":"https:\/\/conectate.conapred.gob.mx\/index.php\/wp-json\/wp\/v2\/media?parent=71"}],"curies":[{"name":"wp","href":"https:\/\/api.w.org\/{rel}","templated":true}]}}