{"id":89,"date":"2020-06-25T21:42:24","date_gmt":"2020-06-25T21:42:24","guid":{"rendered":"http:\/\/10.10.9.15\/wordpress\/?page_id=89"},"modified":"2026-02-09T17:39:20","modified_gmt":"2026-02-09T23:39:20","slug":"contacto","status":"publish","type":"page","link":"https:\/\/conectate.conapred.gob.mx\/index.php\/contacto\/","title":{"rendered":"Contacto"},"content":{"rendered":"<p style=\"text-align: justify;\"><span style=\"font-size: 18px;\">En caso de presentar alg\u00fan problema, env\u00eda un correo a la siguiente direcci\u00f3n describiendo de forma espec\u00edfica tu problema. De ser necesario, adjunta tu comprobante de registro o tu usuario y contrase\u00f1a para poder darle seguimiento a tu solicitud.<\/span><\/p>\n<p style=\"text-align: center;\"><strong><span style=\"font-size: 18px;\"><a href=\"mailto:conectate@conapred.gob.mx\">conectate@conapred.gob.mx\u00a0<\/a><\/span><\/strong><\/p>\n<p><span style=\"font-size: 18px;\"><img loading=\"lazy\" decoding=\"async\" class=\"wp-image-1040 aligncenter\" src=\"https:\/\/conectate.conapred.gob.mx\/wp-content\/uploads\/2023\/02\/sobre_Mesa-de-trabajo-1_Mesa-de-trabajo-1-300x198.png\" alt=\"\" width=\"80\" height=\"55\" \/><\/span><\/p>\n<p style=\"text-align: justify;\"><span style=\"font-size: 18px;\">Tu solicitud ser\u00e1 atendida a la mayor brevedad posible dentro del horario de atenci\u00f3n:<\/span><\/p>\n<p style=\"text-align: center;\"><span style=\"font-size: 18px;\">lunes a jueves de 09:00 am a 18:30 pm<\/span><\/p>\n<p style=\"text-align: center;\"><span style=\"font-size: 18px;\">viernes de 09:00 am a 15:00 pm<\/span><\/p>\n<p><span style=\"font-size: 18px;\">No hay respuesta fuera del horario antes mencionado, fines de semana o d\u00edas de descanso oficiales.<\/span><\/p>\n<p><span style=\"font-size: 18px;\">Londres No. 247, Colonia Ju\u00e1rez, Alcald\u00eda Cuauht\u00e9moc, Ciudad de M\u00e9xico, C\u00f3digo Postal 06600.<\/span><\/p>\n","protected":false},"excerpt":{"rendered":"<p>En caso de presentar alg\u00fan problema, env\u00eda un correo a la siguiente direcci\u00f3n describiendo de forma espec\u00edfica tu problema. De ser necesario, adjunta tu comprobante de registro o tu usuario y contrase\u00f1a para poder darle seguimiento a tu solicitud. conectate@conapred.gob.mx\u00a0 &hellip; <a href=\"https:\/\/conectate.conapred.gob.mx\/index.php\/contacto\/\">Sigue leyendo <span class=\"meta-nav\">&rarr;<\/span><\/a><\/p>\n","protected":false},"author":5,"featured_media":7699,"parent":0,"menu_order":0,"comment_status":"closed","ping_status":"closed","template":"","meta":{"_monsterinsights_skip_tracking":false,"_monsterinsights_sitenote_active":false,"_monsterinsights_sitenote_note":"","_monsterinsights_sitenote_category":0,"_uf_show_specific_survey":0,"_uf_disable_surveys":false,"footnotes":""},"class_list":["post-89","page","type-page","status-publish","has-post-thumbnail","hentry"],"aioseo_notices":[],"_links":{"self":[{"href":"https:\/\/conectate.conapred.gob.mx\/index.php\/wp-json\/wp\/v2\/pages\/89","targetHints":{"allow":["GET"]}}],"collection":[{"href":"https:\/\/conectate.conapred.gob.mx\/index.php\/wp-json\/wp\/v2\/pages"}],"about":[{"href":"https:\/\/conectate.conapred.gob.mx\/index.php\/wp-json\/wp\/v2\/types\/page"}],"author":[{"embeddable":true,"href":"https:\/\/conectate.conapred.gob.mx\/index.php\/wp-json\/wp\/v2\/users\/5"}],"replies":[{"embeddable":true,"href":"https:\/\/conectate.conapred.gob.mx\/index.php\/wp-json\/wp\/v2\/comments?post=89"}],"version-history":[{"count":61,"href":"https:\/\/conectate.conapred.gob.mx\/index.php\/wp-json\/wp\/v2\/pages\/89\/revisions"}],"predecessor-version":[{"id":7734,"href":"https:\/\/conectate.conapred.gob.mx\/index.php\/wp-json\/wp\/v2\/pages\/89\/revisions\/7734"}],"wp:featuredmedia":[{"embeddable":true,"href":"https:\/\/conectate.conapred.gob.mx\/index.php\/wp-json\/wp\/v2\/media\/7699"}],"wp:attachment":[{"href":"https:\/\/conectate.conapred.gob.mx\/index.php\/wp-json\/wp\/v2\/media?parent=89"}],"curies":[{"name":"wp","href":"https:\/\/api.w.org\/{rel}","templated":true}]}}